{"id":203,"date":"2025-01-13T19:55:13","date_gmt":"2025-01-13T18:55:13","guid":{"rendered":"http:\/\/192.168.9.29\/Development\/TB\/?page_id=203"},"modified":"2025-05-05T20:12:23","modified_gmt":"2025-05-05T18:12:23","slug":"home","status":"publish","type":"page","link":"https:\/\/xmodelz.net\/de\/","title":{"rendered":"Home"},"content":{"rendered":"<div class=\"wrap\"><div class=\"row\"><div class=\"span4\"><div class=\"title-box clearfix\"><h2 class=\"title-box_primary\">Wir suchen neue modelle<\/h2><h3 class=\"title-box_secondary\">Earn 1000 Euro for 3 hours of work. We need new amateur and semi-pro models for the adult industry, always well paid jobs<\/h3><\/div><!-- \/\/.title-box -->Wir bieten Ihnen alle Ihre gew\u00fcnschten modeljobs an. Melden Sie sich einfach als Model an und wir machen eine professionelle Sedcard (Casting) mit Ihnen, und Sie erhalten 1000 Euro + Reisegeb\u00fchr, nur f\u00fcr das Casting.<\/div><div class=\"span1\"><\/div>\n<div class=\"span3\"><div class=\"vertical-divider\"><\/div><!-- divider (end) --><div class=\"banner-wrap\"><figure class=\"featured-thumbnail\"><a href=\"https:\/\/xmodelz.net\/de\/upcomming-jobs\/\" title=\"Neu Model jobs\"><img decoding=\"async\" src=\"http:\/\/xmodelz.net\/wp-content\/uploads\/2020\/02\/l.png\" title=\"Neu Model jobs\" alt=\"\" \/><\/a><\/figure><h5>Neu Model jobs<\/h5><p>We have over 29 open joboffers for new amateur and semi-pro models.<\/p><div class=\"link-align banner-btn\"><a href=\"https:\/\/xmodelz.net\/de\/upcomming-jobs\/\" title=\"Mehr\" class=\"btn btn-link\" target=\"_self\">Mehr<\/a><\/div><\/div><!-- .banner-wrap (end) --><\/div>\n<div class=\"span4\"><div class=\"vertical-divider\"><div class=\"banner-wrap\"><figure class=\"featured-thumbnail\"><a href=\"http:\/\/xmodelz.net\/de\/become-a-model\/\" title=\"Model werden\"><img decoding=\"async\" src=\"http:\/\/xmodelz.net\/wp-content\/uploads\/2020\/01\/b.png\" title=\"Model werden\" alt=\"\" \/><\/a><\/figure><h5>Model werden<\/h5><p>Werden Sie noch heute Model und erhalten Sie 1000 Euro + Reisekosten f\u00fcr Ihre Casting.<\/p><div class=\"link-align banner-btn\"><a href=\"http:\/\/xmodelz.net\/de\/become-a-model\/\" title=\"Mehr\" class=\"btn btn-link\" target=\"_self\">Mehr<\/a><\/div><\/div><!-- .banner-wrap (end) --><\/div><!-- divider (end) --><\/div>\n<\/div><!-- .row (end) -->\n<\/div> <!-- fon (end) -->\n\n\n<div class=\"row\">\n<div class=\"span9\"><div class=\"title-box clearfix advantage-title\"><h2 class=\"title-box_primary\">Werden schon Heute model!<\/h2><\/div><!-- \/\/.title-box --><video controls=\"\" width=\"420\" height=\"330\"><source src=\"https:\/\/xmodelz.net\/wp-content\/uploads\/2020\/01\/anonymous_casting.mp4\" type=\"video\/mp4\">Your browser does not support the video tag.<\/video> <video controls=\"\" width=\"420\" height=\"330\"><source src=\"https:\/\/xmodelz.net\/wp-content\/uploads\/2025\/01\/Intro-1.mov\" type=\"video\/mp4\">Your browser does not support the video tag.<\/video><ul class=\"posts-grid row-fluid unstyled  ul-item-0\"><li class=\"span4 list-item-1\"><figure class=\"featured-thumbnail thumbnail\"><a href=\"https:\/\/xmodelz.net\/wp-content\/uploads\/2011\/07\/ekaterina-kulinich-1920x1080-1-e1583263639706.jpg\" title=\"Seien Sie anonym, wir respektieren Ihre Privatsph\u00e4re!\" rel=\"prettyPhoto-1622393973\"><img decoding=\"async\"  src=\"https:\/\/xmodelz.net\/wp-content\/uploads\/2011\/07\/ekaterina-kulinich-1920x1080-1-e1583263639706-270x150.jpg\" alt=\"Seien Sie anonym, wir respektieren Ihre Privatsph\u00e4re!\" \/><span class=\"zoom-icon\"><\/span><\/a><\/figure><div class=\"clear\"><\/div><h5><a href=\"https:\/\/xmodelz.net\/de\/adult-model-casting-for-money-in-the-eu\/about-anonymous-erotic-model\/\" title=\"Seien Sie anonym, wir respektieren Ihre Privatsph\u00e4re!\">Seien Sie anonym, wir respektieren Ihre Privatsph\u00e4re!<\/a><\/h5><p class=\"excerpt\">2 typen castings im Wert von 1000 Euro Nachdem wir Ihre Bewerbung erhalten haben, werden wir Sie (per E-Mail) kontaktieret, um\u2026<\/p><a href=\"https:\/\/xmodelz.net\/de\/adult-model-casting-for-money-in-the-eu\/about-anonymous-erotic-model\/\" class=\"btn btn-primary\" title=\"Seien Sie anonym, wir respektieren Ihre Privatsph\u00e4re!\">Mehr<\/a><\/li><li class=\"span4 list-item-2\"><figure class=\"featured-thumbnail thumbnail\"><a href=\"https:\/\/xmodelz.net\/wp-content\/uploads\/2020\/01\/adult_model_agency_3-scaled.jpg\" title=\"Sei ein anonymes Model - wie?\" rel=\"prettyPhoto-1622393973\"><img decoding=\"async\"  src=\"https:\/\/xmodelz.net\/wp-content\/uploads\/2020\/01\/adult_model_agency_3-scaled-270x150.jpg\" alt=\"Sei ein anonymes Model - wie?\" \/><span class=\"zoom-icon\"><\/span><\/a><\/figure><div class=\"clear\"><\/div><h5><a href=\"https:\/\/xmodelz.net\/de\/become-adult-model-anonymous-pornstar\/image-format-post\/\" title=\"Sei ein anonymes Model - wie?\">Sei ein anonymes Model - wie?<\/a><\/h5><p class=\"excerpt\">2 typen castings im Wert von 1000 Euro Nachdem wir Ihre Bewerbung erhalten haben, werden wir Sie (per E-Mail) kontaktieret, um\u2026<\/p><a href=\"https:\/\/xmodelz.net\/de\/become-adult-model-anonymous-pornstar\/image-format-post\/\" class=\"btn btn-primary\" title=\"Sei ein anonymes Model - wie?\">Mehr<\/a><\/li><li class=\"span4 list-item-3\"><div class=\"clear\"><\/div><h5><a href=\"https:\/\/xmodelz.net\/de\/see-example-of-a-casting\/we-got-the-jobs\/\" title=\"Models gesucht\">Models gesucht<\/a><\/h5><p class=\"excerpt\">xmodelz.net ist die Verbindung zwischen den Modellen und dem Unternehmen, das die Modelljobs hat. Wir arbeiten mit \u00fcber ...<\/p><a href=\"https:\/\/xmodelz.net\/de\/see-example-of-a-casting\/we-got-the-jobs\/\" class=\"btn btn-primary\" title=\"Models gesucht\">Mehr<\/a><\/li><\/ul><!-- .posts-grid (end) --><div class=\"hr\"><\/div><!-- .hr (end) --><div class=\"row\"><div class=\"span3\"><div class=\"title-box clearfix fresh-title\"><h2 class=\"title-box_primary\">Sehe sedcard Beispiel<\/h2><\/div><!-- \/\/.title-box --> <a href=\"\/de\/portfolio\/\" title=\"Weitere Profile anzeigen\" class=\"btn btn-link btn-normal btn-inline fresh-btn\" target=\"_self\">Weitere Profile anzeigen<\/a><!-- .btn --><\/div><div class=\"span6\"><ul class=\"posts-grid row-fluid unstyled home-portfolio-grid ul-item-0\"><li class=\"span4 list-item-1\"><figure class=\"featured-thumbnail thumbnail\"><a href=\"https:\/\/xmodelz.net\/de\/portfolio-view\/amanda-mendes\/\" title=\"Lulu\"><img decoding=\"async\"  src=\"https:\/\/xmodelz.net\/wp-content\/uploads\/2013\/07\/ano1-180x146.jpg\" alt=\"Lulu\" \/><\/a><\/figure><div class=\"clear\"><\/div><h5><a href=\"https:\/\/xmodelz.net\/de\/portfolio-view\/amanda-mendes\/\" title=\"Lulu\">Lulu<\/a><\/h5><p class=\"excerpt\">To become a video model, you can follow these steps: Identify your niche or area&hellip;<\/p><\/li><li class=\"span4 list-item-2\"><figure class=\"featured-thumbnail thumbnail\"><a href=\"https:\/\/xmodelz.net\/de\/portfolio-view\/lisa-davidson\/\" title=\"Bettina\"><img decoding=\"async\"  src=\"https:\/\/xmodelz.net\/wp-content\/uploads\/2013\/07\/ano2-180x146.jpg\" alt=\"Bettina\" \/><\/a><\/figure><div class=\"clear\"><\/div><h5><a href=\"https:\/\/xmodelz.net\/de\/portfolio-view\/lisa-davidson\/\" title=\"Bettina\">Bettina<\/a><\/h5><p class=\"excerpt\"><\/p><\/li><li class=\"span4 list-item-3\"><figure class=\"featured-thumbnail thumbnail\"><a href=\"https:\/\/xmodelz.net\/de\/portfolio-view\/barbara-nilson\/\" title=\"Heidi\"><img decoding=\"async\"  src=\"https:\/\/xmodelz.net\/wp-content\/uploads\/2013\/07\/ano5-180x146.jpg\" alt=\"Heidi\" \/><\/a><\/figure><div class=\"clear\"><\/div><h5><a href=\"https:\/\/xmodelz.net\/de\/portfolio-view\/barbara-nilson\/\" title=\"Heidi\">Heidi<\/a><\/h5><p class=\"excerpt\"><\/p><\/li><\/ul><!-- .posts-grid (end) --><\/div><\/div> <!-- .row (end) --><\/div><div class=\"span1\"><\/div><div class=\"span2\"><div class=\"title-box clearfix popular-title\"><h2 class=\"title-box_primary\">Beliebt<\/h2><\/div><!-- \/\/.title-box --> <div class=\"list styled custom-list\">\n<ul>\n<li><a href=\"http:\/\/xmodelz.net\/de\/become-a-model\/\">Model werden<\/a><\/li>\n<li><a href=\"http:\/\/xmodelz.net\/de\/see-example-of-a-casting\/we-got-the-jobs\/\">Model jobs<\/a><\/li>\n<li><a href=\"http:\/\/xmodelz.net\/de\/category\/become-adult-model-anonymous-pornstar\/\">Werde Anonym-model<\/a><\/li>\n<li><a href=\"http:\/\/xmodelz.net\/de\/earn-600-euro-as-an-adult-model\/casting-adult-model\/\">Verdiene 1000 Euro<\/a><\/li>\n<\/ul>\n<\/div>\n<div class=\"title-box clearfix contact-title\"><h2 class=\"title-box_primary\">Kontakt<\/h2><\/div><!-- \/\/.title-box -->\n<address>\nXmodelz.net<br \/>\nStockholm<br \/>\nBOX: 4488399<br \/>\nmail@xmodelz.net<br \/>\n<script type=\"text\/javascript\" src=\"https:\/\/www.livecounter.dk\/counter.php?id=99277&amp;img=2\"><\/script><noscript><a href=\"http:\/\/www.livecounter.dk\/\" target=\"_blank\" rel=\"noopener noreferrer\">T\u00e6ller<\/a><\/noscript><br \/>\n<\/address><!-- address (end) --><\/div>\n<\/div><!-- .row (end) -->\n\n\n\n<p>Die Erwachsenenunterhaltungsindustrie ist eine milliardenschwere Branche, die ein breites Spektrum an Aktivit\u00e4ten umfasst, darunter die Produktion und Verbreitung sexuell eindeutiger Materialien wie Pornografie sowie Live-Auftritte wie Stripclubs und Webcam-Shows. Models spielen in vielen Bereichen der Erotikbranche eine zentrale Rolle und erscheinen auf Fotos, Videos und Live-Auftritten.<\/p>\n\n\n\n<p>Die Erotikbranche blickt auf eine lange Geschichte zur\u00fcck. Der erste bekannte Pornofilm wurde Ende des 19. Jahrhunderts produziert. In den darauffolgenden Jahrzehnten ist die Branche erheblich gewachsen und heute ist sie ein globales Ph\u00e4nomen, das \u00fcber eine Vielzahl von Plattformen zug\u00e4nglich ist, darunter das Internet, Kabelfernsehen und DVD.<\/p>\n\n\n\n<p>Von Models in der Erotikbranche kann abh\u00e4ngig von der konkreten Art ihrer Arbeit eine Vielzahl unterschiedlicher T\u00e4tigkeiten verlangt werden. Dazu kann es geh\u00f6ren, f\u00fcr Fotos oder Videos zu posieren, in Live-Webcam-Shows aufzutreten oder in Stripclubs zu tanzen. Viele Models in der Erotikbranche sind unabh\u00e4ngige Auftragnehmer und keine Angestellten, und sie sind m\u00f6glicherweise daf\u00fcr verantwortlich, ihre eigene Arbeit zu finden und ihre eigenen Tarife auszuhandeln.<\/p>\n\n\n\n<p>Von Models in der Erotikbranche kann abh\u00e4ngig von der konkreten Art ihrer Arbeit eine Vielzahl unterschiedlicher T\u00e4tigkeiten verlangt werden. Dazu kann es geh\u00f6ren, f\u00fcr Fotos oder Videos zu posieren, in Live-Webcam-Shows aufzutreten oder in Stripclubs zu tanzen. Viele Models in der Erotikbranche sind unabh\u00e4ngige Auftragnehmer und keine Angestellten, und sie sind m\u00f6glicherweise daf\u00fcr verantwortlich, ihre eigene Arbeit zu finden und ihre eigenen Tarife auszuhandeln.<\/p>\n\n\n\n<p>Insgesamt ist die Erotikbranche ein komplexer und vielschichtiger Sektor, der ein breites Spektrum an Aktivit\u00e4ten umfasst und eine vielf\u00e4ltige Gruppe von Menschen besch\u00e4ftigt. Obwohl es nicht jedermanns Sache ist, ist es ein wichtiger Teil der Weltwirtschaft und eine bedeutende kulturelle Kraft.<\/p>","protected":false},"excerpt":{"rendered":"The adult entertainment industry is a multi-billion dollar industry that encompasses a wide range of activities, including the production and distribution of sexually explicit materials such as pornography, as well as live performances such as strip clubs and webcam shows. Models play a central role in many aspects of the adult industry, appearing in photographs, videos, and live performances. The&nbsp;<a href=\"https:\/\/xmodelz.net\/de\/portfolio-view\/barbara-nilson\/\" class=\"read-more\">Weiter lesen<\/a>","protected":false},"author":1,"featured_media":0,"parent":0,"menu_order":1,"comment_status":"closed","ping_status":"closed","template":"page-home.php","meta":{"_monsterinsights_skip_tracking":false,"_monsterinsights_sitenote_active":false,"_monsterinsights_sitenote_note":"","_monsterinsights_sitenote_category":0,"footnotes":""},"class_list":["post-203","page","type-page","status-publish","hentry"],"yoast_head":"<!-- This site is optimized with the Yoast SEO plugin v24.2 - https:\/\/yoast.com\/wordpress\/plugins\/seo\/ -->\n<title>amatuer pornmodels wanted - good pay<\/title>\n<meta name=\"description\" content=\"We need new amateur models for Xmodelz.net. Always good pay for our models. Becom an erotic star today and be total anonymous.\" \/>\n<meta name=\"robots\" content=\"index, follow, max-snippet:-1, max-image-preview:large, max-video-preview:-1\" \/>\n<link rel=\"canonical\" href=\"https:\/\/xmodelz.net\/de\/\" \/>\n<meta property=\"og:locale\" content=\"de_DE\" \/>\n<meta property=\"og:type\" content=\"article\" \/>\n<meta property=\"og:title\" content=\"amatuer pornmodels wanted - good pay\" \/>\n<meta property=\"og:description\" content=\"We need new amateur models for Xmodelz.net. Always good pay for our models. Becom an erotic star today and be total anonymous.\" \/>\n<meta property=\"og:url\" content=\"https:\/\/xmodelz.net\/de\/\" \/>\n<meta property=\"og:site_name\" content=\"Xmodelz.net | Erotic model jobs in Germany Denmark Sweden\" \/>\n<meta property=\"article:publisher\" content=\"https:\/\/www.facebook.com\/profile.php?id=100071856603615\" \/>\n<meta property=\"article:modified_time\" content=\"2025-05-05T18:12:23+00:00\" \/>\n<meta name=\"twitter:card\" content=\"summary_large_image\" \/>\n<meta name=\"twitter:label1\" content=\"Gesch\u00e4tzte Lesezeit\" \/>\n\t<meta name=\"twitter:data1\" content=\"3\u00a0Minuten\" \/>\n<script type=\"application\/ld+json\" class=\"yoast-schema-graph\">{\"@context\":\"https:\/\/schema.org\",\"@graph\":[{\"@type\":\"WebPage\",\"@id\":\"https:\/\/xmodelz.net\/\",\"url\":\"https:\/\/xmodelz.net\/\",\"name\":\"amatuer pornmodels wanted - good pay\",\"isPartOf\":{\"@id\":\"https:\/\/xmodelz.net\/en\/#website\"},\"datePublished\":\"2025-01-13T18:55:13+00:00\",\"dateModified\":\"2025-05-05T18:12:23+00:00\",\"description\":\"We need new amateur models for Xmodelz.net. Always good pay for our models. Becom an erotic star today and be total anonymous.\",\"breadcrumb\":{\"@id\":\"https:\/\/xmodelz.net\/#breadcrumb\"},\"inLanguage\":\"de\",\"potentialAction\":[{\"@type\":\"ReadAction\",\"target\":[\"https:\/\/xmodelz.net\/\"]}]},{\"@type\":\"BreadcrumbList\",\"@id\":\"https:\/\/xmodelz.net\/#breadcrumb\",\"itemListElement\":[{\"@type\":\"ListItem\",\"position\":1,\"name\":\"Hjem\",\"item\":\"https:\/\/xmodelz.net\/\"},{\"@type\":\"ListItem\",\"position\":2,\"name\":\"Home\"}]},{\"@type\":\"WebSite\",\"@id\":\"https:\/\/xmodelz.net\/en\/#website\",\"url\":\"https:\/\/xmodelz.net\/en\/\",\"name\":\"Xmodelz.net | Erotic model jobs in Germany Denmark Sweden\",\"description\":\"Adult model agency EU\",\"publisher\":{\"@id\":\"https:\/\/xmodelz.net\/en\/#organization\"},\"potentialAction\":[{\"@type\":\"SearchAction\",\"target\":{\"@type\":\"EntryPoint\",\"urlTemplate\":\"https:\/\/xmodelz.net\/en\/?s={search_term_string}\"},\"query-input\":{\"@type\":\"PropertyValueSpecification\",\"valueRequired\":true,\"valueName\":\"search_term_string\"}}],\"inLanguage\":\"de\"},{\"@type\":\"Organization\",\"@id\":\"https:\/\/xmodelz.net\/en\/#organization\",\"name\":\"Xmodelz.net\",\"url\":\"https:\/\/xmodelz.net\/en\/\",\"logo\":{\"@type\":\"ImageObject\",\"inLanguage\":\"de\",\"@id\":\"https:\/\/xmodelz.net\/en\/#\/schema\/logo\/image\/\",\"url\":\"https:\/\/xmodelz.net\/wp-content\/uploads\/2021\/09\/logo1black.png\",\"contentUrl\":\"https:\/\/xmodelz.net\/wp-content\/uploads\/2021\/09\/logo1black.png\",\"width\":3724,\"height\":684,\"caption\":\"Xmodelz.net\"},\"image\":{\"@id\":\"https:\/\/xmodelz.net\/en\/#\/schema\/logo\/image\/\"},\"sameAs\":[\"https:\/\/www.facebook.com\/profile.php?id=100071856603615\",\"https:\/\/www.instagram.com\/xmodelz_net\/\"]}]}<\/script>\n<!-- \/ Yoast SEO plugin. -->","yoast_head_json":{"title":"Deutsche erotik jobs - Geld verdienen als pornomodel","description":"We need new amateur models for Xmodelz.net. Always good pay for our models. Becom an erotic star today and be total anonymous.","robots":{"index":"index","follow":"follow","max-snippet":"max-snippet:-1","max-image-preview":"max-image-preview:large","max-video-preview":"max-video-preview:-1"},"canonical":"https:\/\/xmodelz.net\/de\/","og_locale":"de_DE","og_type":"article","og_title":"amatuer pornmodels wanted - good pay","og_description":"We need new amateur models for Xmodelz.net. Always good pay for our models. Becom an erotic star today and be total anonymous.","og_url":"https:\/\/xmodelz.net\/de\/","og_site_name":"Xmodelz.net | Erotic model jobs in Germany Denmark Sweden","article_publisher":"https:\/\/www.facebook.com\/profile.php?id=100071856603615","article_modified_time":"2025-05-05T18:12:23+00:00","twitter_card":"summary_large_image","twitter_misc":{"Gesch\u00e4tzte Lesezeit":"3\u00a0Minuten"},"schema":{"@context":"https:\/\/schema.org","@graph":[{"@type":"WebPage","@id":"https:\/\/xmodelz.net\/","url":"https:\/\/xmodelz.net\/","name":"Deutsche erotik jobs - Geld verdienen als pornomodel","isPartOf":{"@id":"https:\/\/xmodelz.net\/en\/#website"},"datePublished":"2025-01-13T18:55:13+00:00","dateModified":"2025-05-05T18:12:23+00:00","description":"We need new amateur models for Xmodelz.net. Always good pay for our models. Becom an erotic star today and be total anonymous.","breadcrumb":{"@id":"https:\/\/xmodelz.net\/#breadcrumb"},"inLanguage":"de","potentialAction":[{"@type":"ReadAction","target":["https:\/\/xmodelz.net\/"]}]},{"@type":"BreadcrumbList","@id":"https:\/\/xmodelz.net\/#breadcrumb","itemListElement":[{"@type":"ListItem","position":1,"name":"Hjem","item":"https:\/\/xmodelz.net\/"},{"@type":"ListItem","position":2,"name":"Home"}]},{"@type":"WebSite","@id":"https:\/\/xmodelz.net\/en\/#website","url":"https:\/\/xmodelz.net\/en\/","name":"Xmodelz.net | Erotic model jobs in Germany Denmark Sweden","description":"Adult model agency EU","publisher":{"@id":"https:\/\/xmodelz.net\/en\/#organization"},"potentialAction":[{"@type":"SearchAction","target":{"@type":"EntryPoint","urlTemplate":"https:\/\/xmodelz.net\/en\/?s={search_term_string}"},"query-input":{"@type":"PropertyValueSpecification","valueRequired":true,"valueName":"search_term_string"}}],"inLanguage":"de"},{"@type":"Organization","@id":"https:\/\/xmodelz.net\/en\/#organization","name":"Xmodelz.net","url":"https:\/\/xmodelz.net\/en\/","logo":{"@type":"ImageObject","inLanguage":"de","@id":"https:\/\/xmodelz.net\/en\/#\/schema\/logo\/image\/","url":"https:\/\/xmodelz.net\/wp-content\/uploads\/2021\/09\/logo1black.png","contentUrl":"https:\/\/xmodelz.net\/wp-content\/uploads\/2021\/09\/logo1black.png","width":3724,"height":684,"caption":"Xmodelz.net"},"image":{"@id":"https:\/\/xmodelz.net\/en\/#\/schema\/logo\/image\/"},"sameAs":["https:\/\/www.facebook.com\/profile.php?id=100071856603615","https:\/\/www.instagram.com\/xmodelz_net\/"]}]}},"acf":{"page_background_color":""},"_links":{"self":[{"href":"https:\/\/xmodelz.net\/de\/wp-json\/wp\/v2\/pages\/203","targetHints":{"allow":["GET"]}}],"collection":[{"href":"https:\/\/xmodelz.net\/de\/wp-json\/wp\/v2\/pages"}],"about":[{"href":"https:\/\/xmodelz.net\/de\/wp-json\/wp\/v2\/types\/page"}],"author":[{"embeddable":true,"href":"https:\/\/xmodelz.net\/de\/wp-json\/wp\/v2\/users\/1"}],"replies":[{"embeddable":true,"href":"https:\/\/xmodelz.net\/de\/wp-json\/wp\/v2\/comments?post=203"}],"version-history":[{"count":0,"href":"https:\/\/xmodelz.net\/de\/wp-json\/wp\/v2\/pages\/203\/revisions"}],"wp:attachment":[{"href":"https:\/\/xmodelz.net\/de\/wp-json\/wp\/v2\/media?parent=203"}],"curies":[{"name":"wp","href":"https:\/\/api.w.org\/{rel}","templated":true}]}}