{"id":1889,"date":"2023-08-30T13:39:13","date_gmt":"2023-08-30T11:39:13","guid":{"rendered":"http:\/\/xmodelz.net\/?page_id=1889"},"modified":"2024-05-21T15:17:02","modified_gmt":"2024-05-21T13:17:02","slug":"about","status":"publish","type":"page","link":"https:\/\/xmodelz.net\/de\/about\/","title":{"rendered":"\u00dcber uns"},"content":{"rendered":"<div class=\"wrap\">\n<div class=\"row\">\n<div class=\"span6\"><img loading=\"lazy\" decoding=\"async\" class=\"alignnone size-full wp-image-1937\" src=\"http:\/\/xmodelz.net\/wp-content\/uploads\/2019\/10\/about-top.jpg\" alt=\"about-top\" width=\"558\" height=\"407\" \/><\/div>\n<div class=\"span6\"><div class=\"title-box clearfix about-title\"><h2 class=\"title-box_primary\">\u00dcber Xmodelz.net<\/h2><\/div><!-- \/\/.title-box --> <div class=\"banner-wrap about-banner\"><div class=\"link-align banner-btn\"><a href=\"http:\/\/xmodelz.net\/de\/about\/about-xmodelz-net\/\" title=\"Mehr\" class=\"btn btn-link\" target=\"\">Mehr<\/a><\/div><\/div><!-- .banner-wrap (end) --><\/div>\n<\/div><!-- .row (end) -->\n<\/div> <!-- fon (end) -->\n<div class=\"row\">\n<div class=\"span8\"><div class=\"title-box clearfix agency-title\"><h2 class=\"title-box_primary\">\u00dcber Xmodelz.net<\/h2><\/div><!-- \/\/.title-box --><img loading=\"lazy\" decoding=\"async\" class=\"alignleft size-full wp-image-1940\" src=\"http:\/\/xmodelz.net\/wp-content\/uploads\/2019\/10\/about.jpg\" alt=\"about\" width=\"270\" height=\"230\" \/><div class=\"banner-wrap about-banner\"><h5>Nur bezahlte Jobs, nur vertrauensw\u00fcrdige Kunden<\/h5><\/div><!-- .banner-wrap (end) -->\n<div class=\"hr\"><\/div><!-- .hr (end) -->\n<div class=\"title-box clearfix guarantee-title\"><h2 class=\"title-box_primary\">Wir garantieren<\/h2><\/div><!-- \/\/.title-box -->\n<div class=\"row\">\n<div class=\"span1\"><span class=\"dropcap\">01<\/span><!-- .dropcap (end) --><\/div>\n<div class=\"span3\"><div class=\"title-box clearfix agency-subtitle\"><h2 class=\"title-box_primary\">Immer gut bezahlte Jobs <\/h2><\/div><!-- \/\/.title-box -->Die gesamte f\u00fcr Xmodelz.net geleistete Arbeit wird bezahlt. Als erste Agentur zahlen wir Ihnen 1000 Euro f\u00fcr Ihr Casting und Ihr erstes Fotoshooting.<\/div>\n<div class=\"span1\"><span class=\"dropcap\">02<\/span><!-- .dropcap (end) --><\/div>\n<div class=\"span3\"><div class=\"title-box clearfix agency-subtitle\"><h2 class=\"title-box_primary\">Stellenangebote f\u00fcr Erotikmodels<\/h2><\/div><!-- \/\/.title-box -->Wir sind verzweifelt! F\u00fcr die kommende Saison sind wir noch 167 weibliche Models kurz und einige m\u00e4nnliche Models dazu. Machen Sie sich also bitte keine Sorgen um Ihr bezahltes Jobpotential.<\/div>\n<\/div> <!-- .row (end) --><div class=\"spacer\"><\/div><!-- .spacer (end) -->\n<div class=\"row\">\n<div class=\"span1\"><span class=\"dropcap\">03<\/span><!-- .dropcap (end) --><\/div>\n<div class=\"span3\"><div class=\"title-box clearfix agency-subtitle\"><h2 class=\"title-box_primary\">Nur vertrauensw\u00fcrdige Clients<\/h2><\/div><!-- \/\/.title-box -->Wir arbeiten nur mit unseren 100% vertrauensw\u00fcrdigen Kunden. Alle unsere Kunden sind getestet und gepr\u00fcft.<\/div>\n<div class=\"span1\"><span class=\"dropcap\">04<\/span><!-- .dropcap (end) --><\/div>\n<div class=\"span3\"><div class=\"title-box clearfix agency-subtitle\"><h2 class=\"title-box_primary\">Anonym model werden<\/h2><\/div><!-- \/\/.title-box -->Wenn Sie es vorziehen, ein zu sein <a href=\"https:\/\/xmodelz.net\/de\/\">anonymous erotik model<\/a>Wenn Sie es vorziehen, ein anonymes Modell zu sein, garantieren wir, dass Sie niemals \u00f6ffentlich wiedererkannt werden und keine Ihrer pers\u00f6nlichen Daten jemals ver\u00f6ffentlicht werden.<\/div>\n<\/div> <!-- .row (end) --><\/div><div class=\"span1\"><\/div>\n<div class=\"span3\"><div class=\"title-box clearfix testi-title\"><h2 class=\"title-box_primary\">kundenaussagen<\/h2><\/div><!-- \/\/.title-box --><div class=\"testimonials about-testi\"><div class=\"testi-item\"><blockquote class=\"testi-item_blockquote\"><figure class=\"featured-thumbnail\"><img decoding=\"async\"  src=\"https:\/\/xmodelz.net\/wp-content\/uploads\/2019\/10\/bac-100x100.jpg\"\/><\/figure><small class=\"testi-meta\"><span class=\"user\">Allan<\/span>, <span class=\"info\"><\/span><br><a href=\"\"><\/a><\/small><div class=\"clear\"><\/div><a href=\"https:\/\/xmodelz.net\/de\/testimonial-view\/testimonial-3\/\">\"... Great working with Xmodelz.... promises kept \ud83d\ude42 &nbsp; XXX Allan... \"<\/a><\/blockquote><\/div><div class=\"testi-item\"><blockquote class=\"testi-item_blockquote\"><figure class=\"featured-thumbnail\"><img decoding=\"async\"  src=\"https:\/\/xmodelz.net\/wp-content\/uploads\/2011\/07\/photos.thumbport.19322.thumbport.jpg\"\/><\/figure><small class=\"testi-meta\"><span class=\"user\">Sabrine &quot;Hellstar&quot;<\/span>, <span class=\"info\"><\/span><br><a href=\"\"><\/a><\/small><div class=\"clear\"><\/div><a href=\"https:\/\/xmodelz.net\/de\/testimonial-view\/testimonial-1\/\">\"... Just made my first casting ever, for Xmodelz.net. Must say, that it was a pure pleasure and also good pay \ud83d\ude42 &nbsp; XXX Sabrine... \"<\/a><\/blockquote><\/div><div class=\"testi-item\"><blockquote class=\"testi-item_blockquote\"><figure class=\"featured-thumbnail\"><img decoding=\"async\"  src=\"https:\/\/xmodelz.net\/wp-content\/uploads\/2011\/07\/shannyn33-100x100.jpg\"\/><\/figure><small class=\"testi-meta\"><span class=\"user\">Karina<\/span>, <span class=\"info\"><\/span><br><a href=\"\"><\/a><\/small><div class=\"clear\"><\/div><a href=\"https:\/\/xmodelz.net\/de\/testimonial-view\/testimonial-2\/\">\"... I always wanted to try the \"adult business\", but did not have the courage to do so. As i read that I could be... \"<\/a><\/blockquote><\/div><\/div><a href=\"\/de\/testi\/\" title=\"Mehr\" class=\"btn btn-default btn-normal btn-inline\" target=\"_self\">Mehr<\/a><!-- .btn --><\/div>\n<\/div><!-- .row (end) -->","protected":false},"excerpt":{"rendered":"","protected":false},"author":1,"featured_media":0,"parent":0,"menu_order":2,"comment_status":"closed","ping_status":"closed","template":"page-fullwidth.php","meta":{"_monsterinsights_skip_tracking":false,"_monsterinsights_sitenote_active":false,"_monsterinsights_sitenote_note":"","_monsterinsights_sitenote_category":0,"footnotes":""},"class_list":["post-1889","page","type-page","status-publish","hentry"],"yoast_head":"<!-- This site is optimized with the Yoast SEO plugin v24.2 - https:\/\/yoast.com\/wordpress\/plugins\/seo\/ -->\n<title>Best model pornjob<\/title>\n<meta name=\"robots\" content=\"index, follow, max-snippet:-1, max-image-preview:large, max-video-preview:-1\" \/>\n<link rel=\"canonical\" href=\"https:\/\/xmodelz.net\/de\/about\/\" \/>\n<meta property=\"og:locale\" content=\"de_DE\" \/>\n<meta property=\"og:type\" content=\"article\" \/>\n<meta property=\"og:title\" content=\"Best model pornjob\" \/>\n<meta property=\"og:url\" content=\"https:\/\/xmodelz.net\/de\/about\/\" \/>\n<meta property=\"og:site_name\" content=\"Xmodelz.net | Erotic model jobs in Germany Denmark Sweden\" \/>\n<meta property=\"article:publisher\" content=\"https:\/\/www.facebook.com\/profile.php?id=100071856603615\" \/>\n<meta property=\"article:modified_time\" content=\"2024-05-21T13:17:02+00:00\" \/>\n<meta property=\"og:image\" content=\"http:\/\/xmodelz.net\/wp-content\/uploads\/2019\/10\/about-top.jpg\" \/>\n<meta name=\"twitter:card\" content=\"summary_large_image\" \/>\n<meta name=\"twitter:label1\" content=\"Gesch\u00e4tzte Lesezeit\" \/>\n\t<meta name=\"twitter:data1\" content=\"3\u00a0Minuten\" \/>\n<script type=\"application\/ld+json\" class=\"yoast-schema-graph\">{\"@context\":\"https:\/\/schema.org\",\"@graph\":[{\"@type\":\"WebPage\",\"@id\":\"https:\/\/xmodelz.net\/about\/\",\"url\":\"https:\/\/xmodelz.net\/about\/\",\"name\":\"Best model pornjob\",\"isPartOf\":{\"@id\":\"https:\/\/xmodelz.net\/en\/#website\"},\"primaryImageOfPage\":{\"@id\":\"https:\/\/xmodelz.net\/about\/#primaryimage\"},\"image\":{\"@id\":\"https:\/\/xmodelz.net\/about\/#primaryimage\"},\"thumbnailUrl\":\"http:\/\/xmodelz.net\/wp-content\/uploads\/2019\/10\/about-top.jpg\",\"datePublished\":\"2023-08-30T11:39:13+00:00\",\"dateModified\":\"2024-05-21T13:17:02+00:00\",\"breadcrumb\":{\"@id\":\"https:\/\/xmodelz.net\/about\/#breadcrumb\"},\"inLanguage\":\"de\",\"potentialAction\":[{\"@type\":\"ReadAction\",\"target\":[\"https:\/\/xmodelz.net\/about\/\"]}]},{\"@type\":\"ImageObject\",\"inLanguage\":\"de\",\"@id\":\"https:\/\/xmodelz.net\/about\/#primaryimage\",\"url\":\"http:\/\/xmodelz.net\/wp-content\/uploads\/2019\/10\/about-top.jpg\",\"contentUrl\":\"http:\/\/xmodelz.net\/wp-content\/uploads\/2019\/10\/about-top.jpg\"},{\"@type\":\"BreadcrumbList\",\"@id\":\"https:\/\/xmodelz.net\/about\/#breadcrumb\",\"itemListElement\":[{\"@type\":\"ListItem\",\"position\":1,\"name\":\"Hjem\",\"item\":\"https:\/\/xmodelz.net\/\"},{\"@type\":\"ListItem\",\"position\":2,\"name\":\"About\"}]},{\"@type\":\"WebSite\",\"@id\":\"https:\/\/xmodelz.net\/en\/#website\",\"url\":\"https:\/\/xmodelz.net\/en\/\",\"name\":\"Xmodelz.net | Erotic model jobs in Germany Denmark Sweden\",\"description\":\"Adult model agency EU\",\"publisher\":{\"@id\":\"https:\/\/xmodelz.net\/en\/#organization\"},\"potentialAction\":[{\"@type\":\"SearchAction\",\"target\":{\"@type\":\"EntryPoint\",\"urlTemplate\":\"https:\/\/xmodelz.net\/en\/?s={search_term_string}\"},\"query-input\":{\"@type\":\"PropertyValueSpecification\",\"valueRequired\":true,\"valueName\":\"search_term_string\"}}],\"inLanguage\":\"de\"},{\"@type\":\"Organization\",\"@id\":\"https:\/\/xmodelz.net\/en\/#organization\",\"name\":\"Xmodelz.net\",\"url\":\"https:\/\/xmodelz.net\/en\/\",\"logo\":{\"@type\":\"ImageObject\",\"inLanguage\":\"de\",\"@id\":\"https:\/\/xmodelz.net\/en\/#\/schema\/logo\/image\/\",\"url\":\"https:\/\/xmodelz.net\/wp-content\/uploads\/2021\/09\/logo1black.png\",\"contentUrl\":\"https:\/\/xmodelz.net\/wp-content\/uploads\/2021\/09\/logo1black.png\",\"width\":3724,\"height\":684,\"caption\":\"Xmodelz.net\"},\"image\":{\"@id\":\"https:\/\/xmodelz.net\/en\/#\/schema\/logo\/image\/\"},\"sameAs\":[\"https:\/\/www.facebook.com\/profile.php?id=100071856603615\",\"https:\/\/www.instagram.com\/xmodelz_net\/\"]}]}<\/script>\n<!-- \/ Yoast SEO plugin. -->","yoast_head_json":{"title":"Best model pornjob","robots":{"index":"index","follow":"follow","max-snippet":"max-snippet:-1","max-image-preview":"max-image-preview:large","max-video-preview":"max-video-preview:-1"},"canonical":"https:\/\/xmodelz.net\/de\/about\/","og_locale":"de_DE","og_type":"article","og_title":"Best model pornjob","og_url":"https:\/\/xmodelz.net\/de\/about\/","og_site_name":"Xmodelz.net | Erotic model jobs in Germany Denmark Sweden","article_publisher":"https:\/\/www.facebook.com\/profile.php?id=100071856603615","article_modified_time":"2024-05-21T13:17:02+00:00","og_image":[{"url":"http:\/\/xmodelz.net\/wp-content\/uploads\/2019\/10\/about-top.jpg","type":"","width":"","height":""}],"twitter_card":"summary_large_image","twitter_misc":{"Gesch\u00e4tzte Lesezeit":"3\u00a0Minuten"},"schema":{"@context":"https:\/\/schema.org","@graph":[{"@type":"WebPage","@id":"https:\/\/xmodelz.net\/about\/","url":"https:\/\/xmodelz.net\/about\/","name":"Best model pornjob","isPartOf":{"@id":"https:\/\/xmodelz.net\/en\/#website"},"primaryImageOfPage":{"@id":"https:\/\/xmodelz.net\/about\/#primaryimage"},"image":{"@id":"https:\/\/xmodelz.net\/about\/#primaryimage"},"thumbnailUrl":"http:\/\/xmodelz.net\/wp-content\/uploads\/2019\/10\/about-top.jpg","datePublished":"2023-08-30T11:39:13+00:00","dateModified":"2024-05-21T13:17:02+00:00","breadcrumb":{"@id":"https:\/\/xmodelz.net\/about\/#breadcrumb"},"inLanguage":"de","potentialAction":[{"@type":"ReadAction","target":["https:\/\/xmodelz.net\/about\/"]}]},{"@type":"ImageObject","inLanguage":"de","@id":"https:\/\/xmodelz.net\/about\/#primaryimage","url":"http:\/\/xmodelz.net\/wp-content\/uploads\/2019\/10\/about-top.jpg","contentUrl":"http:\/\/xmodelz.net\/wp-content\/uploads\/2019\/10\/about-top.jpg"},{"@type":"BreadcrumbList","@id":"https:\/\/xmodelz.net\/about\/#breadcrumb","itemListElement":[{"@type":"ListItem","position":1,"name":"Hjem","item":"https:\/\/xmodelz.net\/"},{"@type":"ListItem","position":2,"name":"About"}]},{"@type":"WebSite","@id":"https:\/\/xmodelz.net\/en\/#website","url":"https:\/\/xmodelz.net\/en\/","name":"Xmodelz.net | Erotic model jobs in Germany Denmark Sweden","description":"Adult model agency EU","publisher":{"@id":"https:\/\/xmodelz.net\/en\/#organization"},"potentialAction":[{"@type":"SearchAction","target":{"@type":"EntryPoint","urlTemplate":"https:\/\/xmodelz.net\/en\/?s={search_term_string}"},"query-input":{"@type":"PropertyValueSpecification","valueRequired":true,"valueName":"search_term_string"}}],"inLanguage":"de"},{"@type":"Organization","@id":"https:\/\/xmodelz.net\/en\/#organization","name":"Xmodelz.net","url":"https:\/\/xmodelz.net\/en\/","logo":{"@type":"ImageObject","inLanguage":"de","@id":"https:\/\/xmodelz.net\/en\/#\/schema\/logo\/image\/","url":"https:\/\/xmodelz.net\/wp-content\/uploads\/2021\/09\/logo1black.png","contentUrl":"https:\/\/xmodelz.net\/wp-content\/uploads\/2021\/09\/logo1black.png","width":3724,"height":684,"caption":"Xmodelz.net"},"image":{"@id":"https:\/\/xmodelz.net\/en\/#\/schema\/logo\/image\/"},"sameAs":["https:\/\/www.facebook.com\/profile.php?id=100071856603615","https:\/\/www.instagram.com\/xmodelz_net\/"]}]}},"acf":{"page_background_color":""},"_links":{"self":[{"href":"https:\/\/xmodelz.net\/de\/wp-json\/wp\/v2\/pages\/1889","targetHints":{"allow":["GET"]}}],"collection":[{"href":"https:\/\/xmodelz.net\/de\/wp-json\/wp\/v2\/pages"}],"about":[{"href":"https:\/\/xmodelz.net\/de\/wp-json\/wp\/v2\/types\/page"}],"author":[{"embeddable":true,"href":"https:\/\/xmodelz.net\/de\/wp-json\/wp\/v2\/users\/1"}],"replies":[{"embeddable":true,"href":"https:\/\/xmodelz.net\/de\/wp-json\/wp\/v2\/comments?post=1889"}],"version-history":[{"count":0,"href":"https:\/\/xmodelz.net\/de\/wp-json\/wp\/v2\/pages\/1889\/revisions"}],"wp:attachment":[{"href":"https:\/\/xmodelz.net\/de\/wp-json\/wp\/v2\/media?parent=1889"}],"curies":[{"name":"wp","href":"https:\/\/api.w.org\/{rel}","templated":true}]}}