{"id":2112,"date":"2023-08-30T13:39:32","date_gmt":"2023-08-30T11:39:32","guid":{"rendered":"http:\/\/xmodelz.net\/?page_id=2112"},"modified":"2024-05-21T15:18:02","modified_gmt":"2024-05-21T13:18:02","slug":"about-xmodelz-net","status":"publish","type":"page","link":"https:\/\/xmodelz.net\/da\/about\/about-xmodelz-net\/","title":{"rendered":"Om Xmodelz.net"},"content":{"rendered":"<figure class=\"wp-block-image size-large\"><img loading=\"lazy\" decoding=\"async\" width=\"960\" height=\"473\" src=\"http:\/\/xmodelz.net\/wp-content\/uploads\/2020\/11\/01.jpg\" alt=\"Adult mode job\" class=\"wp-image-2391\" srcset=\"https:\/\/xmodelz.net\/wp-content\/uploads\/2020\/11\/01.jpg 960w, https:\/\/xmodelz.net\/wp-content\/uploads\/2020\/11\/01-300x148.jpg 300w, https:\/\/xmodelz.net\/wp-content\/uploads\/2020\/11\/01-768x378.jpg 768w, https:\/\/xmodelz.net\/wp-content\/uploads\/2020\/11\/01-16x8.jpg 16w, https:\/\/xmodelz.net\/wp-content\/uploads\/2020\/11\/01-100x50.jpg 100w\" sizes=\"auto, (max-width: 960px) 100vw, 960px\" \/><\/figure>\n\n\n\n<p> Xmodelz.net rekrutterer b\u00e5de mandlige og <a href=\"https:\/\/xmodelz.net\/da\/\">kvindelige modeller der s\u00f8ger arbejde<\/a> i film- og tryk for voksne. Vi arbejder med amat\u00f8r- og pro-studios samt videografer for at producere materialer til vores klienter og studios. Vi er en division af Xmodelz.net Skandinavien og er et meget anerkendt firma med base i Stockholm, Sverige. Vi er altid p\u00e5 udkig efter nye modeller overalt i verden. Vi arbejder med amat\u00f8rer; enkeltpersoner, der har ringe eller stadig ingen erfaring i branchen. Vi har i \u00f8jeblikket flere projekter, der k\u00f8rer i K\u00f8benhavn, Oslo, Hamborg, Berlin, USA, Frankrig, London og Stockholm. <a href=\"https:\/\/xmodelz.net\/da\/\">adult model talents<\/a> in all locations of the world. We work with amateurs; individuals who have little to no experience in the industry, or who just want to get their feet wet and see what it is like. We currently have several projects running in Copenhagen, Oslo, Hamburg, Berlin, USA, France, London and Stockholm. If you are interested in a special project, hiring any of our talent, or have questions regarding our company or services, please contact us here.  <\/p>","protected":false},"excerpt":{"rendered":"Xmodelz.net recruit both male and female models that are seeking work in adult film and print entertainment projects. We work with amateur and pro studios and videographers to produce materials for clients, studios, private parties, the internet, and more. We also frequently work directly with individuals to produce custom adult materials for their own \"private collections\". We are a division&nbsp;<a href=\"https:\/\/xmodelz.net\/da\/about\/about-xmodelz-net\/\" class=\"read-more\">Continue Reading<\/a>","protected":false},"author":1,"featured_media":0,"parent":1889,"menu_order":2,"comment_status":"closed","ping_status":"closed","template":"","meta":{"_monsterinsights_skip_tracking":false,"_monsterinsights_sitenote_active":false,"_monsterinsights_sitenote_note":"","_monsterinsights_sitenote_category":0,"footnotes":""},"class_list":["post-2112","page","type-page","status-publish","hentry"],"yoast_head":"<!-- This site is optimized with the Yoast SEO plugin v24.2 - https:\/\/yoast.com\/wordpress\/plugins\/seo\/ -->\n<title>erotic model jobs<\/title>\n<meta name=\"robots\" content=\"index, follow, max-snippet:-1, max-image-preview:large, max-video-preview:-1\" \/>\n<link rel=\"canonical\" href=\"https:\/\/xmodelz.net\/da\/about\/about-xmodelz-net\/\" \/>\n<meta property=\"og:locale\" content=\"da_DK\" \/>\n<meta property=\"og:type\" content=\"article\" \/>\n<meta property=\"og:title\" content=\"erotic model jobs\" \/>\n<meta property=\"og:description\" content=\"Xmodelz.net recruit both male and female models that are seeking work in adult film and print entertainment projects. We work with amateur and pro studios and videographers to produce materials for clients, studios, private parties, the internet, and more. We also frequently work directly with individuals to produce custom adult materials for their own &quot;private collections&quot;. We are a division&nbsp;Continue Reading\" \/>\n<meta property=\"og:url\" content=\"https:\/\/xmodelz.net\/da\/about\/about-xmodelz-net\/\" \/>\n<meta property=\"og:site_name\" content=\"Xmodelz.net | Erotic model jobs in Germany Denmark Sweden\" \/>\n<meta property=\"article:publisher\" content=\"https:\/\/www.facebook.com\/profile.php?id=100071856603615\" \/>\n<meta property=\"article:modified_time\" content=\"2024-05-21T13:18:02+00:00\" \/>\n<meta property=\"og:image\" content=\"http:\/\/xmodelz.net\/wp-content\/uploads\/2020\/11\/01.jpg\" \/>\n<meta name=\"twitter:card\" content=\"summary_large_image\" \/>\n<meta name=\"twitter:label1\" content=\"Estimeret l\u00e6setid\" \/>\n\t<meta name=\"twitter:data1\" content=\"2 minutter\" \/>\n<script type=\"application\/ld+json\" class=\"yoast-schema-graph\">{\"@context\":\"https:\/\/schema.org\",\"@graph\":[{\"@type\":\"WebPage\",\"@id\":\"https:\/\/xmodelz.net\/about\/about-xmodelz-net\/\",\"url\":\"https:\/\/xmodelz.net\/about\/about-xmodelz-net\/\",\"name\":\"erotic model jobs\",\"isPartOf\":{\"@id\":\"https:\/\/xmodelz.net\/en\/#website\"},\"primaryImageOfPage\":{\"@id\":\"https:\/\/xmodelz.net\/about\/about-xmodelz-net\/#primaryimage\"},\"image\":{\"@id\":\"https:\/\/xmodelz.net\/about\/about-xmodelz-net\/#primaryimage\"},\"thumbnailUrl\":\"http:\/\/xmodelz.net\/wp-content\/uploads\/2020\/11\/01.jpg\",\"datePublished\":\"2023-08-30T11:39:32+00:00\",\"dateModified\":\"2024-05-21T13:18:02+00:00\",\"breadcrumb\":{\"@id\":\"https:\/\/xmodelz.net\/about\/about-xmodelz-net\/#breadcrumb\"},\"inLanguage\":\"da-DK\",\"potentialAction\":[{\"@type\":\"ReadAction\",\"target\":[\"https:\/\/xmodelz.net\/about\/about-xmodelz-net\/\"]}]},{\"@type\":\"ImageObject\",\"inLanguage\":\"da-DK\",\"@id\":\"https:\/\/xmodelz.net\/about\/about-xmodelz-net\/#primaryimage\",\"url\":\"http:\/\/xmodelz.net\/wp-content\/uploads\/2020\/11\/01.jpg\",\"contentUrl\":\"http:\/\/xmodelz.net\/wp-content\/uploads\/2020\/11\/01.jpg\"},{\"@type\":\"BreadcrumbList\",\"@id\":\"https:\/\/xmodelz.net\/about\/about-xmodelz-net\/#breadcrumb\",\"itemListElement\":[{\"@type\":\"ListItem\",\"position\":1,\"name\":\"Hjem\",\"item\":\"https:\/\/xmodelz.net\/\"},{\"@type\":\"ListItem\",\"position\":2,\"name\":\"About\",\"item\":\"https:\/\/xmodelz.net\/about\/\"},{\"@type\":\"ListItem\",\"position\":3,\"name\":\"About Xmodelz.net\"}]},{\"@type\":\"WebSite\",\"@id\":\"https:\/\/xmodelz.net\/en\/#website\",\"url\":\"https:\/\/xmodelz.net\/en\/\",\"name\":\"Xmodelz.net | Erotic model jobs in Germany Denmark Sweden\",\"description\":\"Adult model agency EU\",\"publisher\":{\"@id\":\"https:\/\/xmodelz.net\/en\/#organization\"},\"potentialAction\":[{\"@type\":\"SearchAction\",\"target\":{\"@type\":\"EntryPoint\",\"urlTemplate\":\"https:\/\/xmodelz.net\/en\/?s={search_term_string}\"},\"query-input\":{\"@type\":\"PropertyValueSpecification\",\"valueRequired\":true,\"valueName\":\"search_term_string\"}}],\"inLanguage\":\"da-DK\"},{\"@type\":\"Organization\",\"@id\":\"https:\/\/xmodelz.net\/en\/#organization\",\"name\":\"Xmodelz.net\",\"url\":\"https:\/\/xmodelz.net\/en\/\",\"logo\":{\"@type\":\"ImageObject\",\"inLanguage\":\"da-DK\",\"@id\":\"https:\/\/xmodelz.net\/en\/#\/schema\/logo\/image\/\",\"url\":\"https:\/\/xmodelz.net\/wp-content\/uploads\/2021\/09\/logo1black.png\",\"contentUrl\":\"https:\/\/xmodelz.net\/wp-content\/uploads\/2021\/09\/logo1black.png\",\"width\":3724,\"height\":684,\"caption\":\"Xmodelz.net\"},\"image\":{\"@id\":\"https:\/\/xmodelz.net\/en\/#\/schema\/logo\/image\/\"},\"sameAs\":[\"https:\/\/www.facebook.com\/profile.php?id=100071856603615\",\"https:\/\/www.instagram.com\/xmodelz_net\/\"]}]}<\/script>\n<!-- \/ Yoast SEO plugin. -->","yoast_head_json":{"title":"erotic model jobs","robots":{"index":"index","follow":"follow","max-snippet":"max-snippet:-1","max-image-preview":"max-image-preview:large","max-video-preview":"max-video-preview:-1"},"canonical":"https:\/\/xmodelz.net\/da\/about\/about-xmodelz-net\/","og_locale":"da_DK","og_type":"article","og_title":"erotic model jobs","og_description":"Xmodelz.net recruit both male and female models that are seeking work in adult film and print entertainment projects. We work with amateur and pro studios and videographers to produce materials for clients, studios, private parties, the internet, and more. We also frequently work directly with individuals to produce custom adult materials for their own \"private collections\". We are a division&nbsp;Continue Reading","og_url":"https:\/\/xmodelz.net\/da\/about\/about-xmodelz-net\/","og_site_name":"Xmodelz.net | Erotic model jobs in Germany Denmark Sweden","article_publisher":"https:\/\/www.facebook.com\/profile.php?id=100071856603615","article_modified_time":"2024-05-21T13:18:02+00:00","og_image":[{"url":"http:\/\/xmodelz.net\/wp-content\/uploads\/2020\/11\/01.jpg","type":"","width":"","height":""}],"twitter_card":"summary_large_image","twitter_misc":{"Estimeret l\u00e6setid":"2 minutter"},"schema":{"@context":"https:\/\/schema.org","@graph":[{"@type":"WebPage","@id":"https:\/\/xmodelz.net\/about\/about-xmodelz-net\/","url":"https:\/\/xmodelz.net\/about\/about-xmodelz-net\/","name":"erotic model jobs","isPartOf":{"@id":"https:\/\/xmodelz.net\/en\/#website"},"primaryImageOfPage":{"@id":"https:\/\/xmodelz.net\/about\/about-xmodelz-net\/#primaryimage"},"image":{"@id":"https:\/\/xmodelz.net\/about\/about-xmodelz-net\/#primaryimage"},"thumbnailUrl":"http:\/\/xmodelz.net\/wp-content\/uploads\/2020\/11\/01.jpg","datePublished":"2023-08-30T11:39:32+00:00","dateModified":"2024-05-21T13:18:02+00:00","breadcrumb":{"@id":"https:\/\/xmodelz.net\/about\/about-xmodelz-net\/#breadcrumb"},"inLanguage":"da-DK","potentialAction":[{"@type":"ReadAction","target":["https:\/\/xmodelz.net\/about\/about-xmodelz-net\/"]}]},{"@type":"ImageObject","inLanguage":"da-DK","@id":"https:\/\/xmodelz.net\/about\/about-xmodelz-net\/#primaryimage","url":"http:\/\/xmodelz.net\/wp-content\/uploads\/2020\/11\/01.jpg","contentUrl":"http:\/\/xmodelz.net\/wp-content\/uploads\/2020\/11\/01.jpg"},{"@type":"BreadcrumbList","@id":"https:\/\/xmodelz.net\/about\/about-xmodelz-net\/#breadcrumb","itemListElement":[{"@type":"ListItem","position":1,"name":"Hjem","item":"https:\/\/xmodelz.net\/"},{"@type":"ListItem","position":2,"name":"About","item":"https:\/\/xmodelz.net\/about\/"},{"@type":"ListItem","position":3,"name":"About Xmodelz.net"}]},{"@type":"WebSite","@id":"https:\/\/xmodelz.net\/en\/#website","url":"https:\/\/xmodelz.net\/en\/","name":"Xmodelz.net | Erotic model jobs in Germany Denmark Sweden","description":"Adult model agency EU","publisher":{"@id":"https:\/\/xmodelz.net\/en\/#organization"},"potentialAction":[{"@type":"SearchAction","target":{"@type":"EntryPoint","urlTemplate":"https:\/\/xmodelz.net\/en\/?s={search_term_string}"},"query-input":{"@type":"PropertyValueSpecification","valueRequired":true,"valueName":"search_term_string"}}],"inLanguage":"da-DK"},{"@type":"Organization","@id":"https:\/\/xmodelz.net\/en\/#organization","name":"Xmodelz.net","url":"https:\/\/xmodelz.net\/en\/","logo":{"@type":"ImageObject","inLanguage":"da-DK","@id":"https:\/\/xmodelz.net\/en\/#\/schema\/logo\/image\/","url":"https:\/\/xmodelz.net\/wp-content\/uploads\/2021\/09\/logo1black.png","contentUrl":"https:\/\/xmodelz.net\/wp-content\/uploads\/2021\/09\/logo1black.png","width":3724,"height":684,"caption":"Xmodelz.net"},"image":{"@id":"https:\/\/xmodelz.net\/en\/#\/schema\/logo\/image\/"},"sameAs":["https:\/\/www.facebook.com\/profile.php?id=100071856603615","https:\/\/www.instagram.com\/xmodelz_net\/"]}]}},"acf":{"page_background_color":""},"_links":{"self":[{"href":"https:\/\/xmodelz.net\/da\/wp-json\/wp\/v2\/pages\/2112","targetHints":{"allow":["GET"]}}],"collection":[{"href":"https:\/\/xmodelz.net\/da\/wp-json\/wp\/v2\/pages"}],"about":[{"href":"https:\/\/xmodelz.net\/da\/wp-json\/wp\/v2\/types\/page"}],"author":[{"embeddable":true,"href":"https:\/\/xmodelz.net\/da\/wp-json\/wp\/v2\/users\/1"}],"replies":[{"embeddable":true,"href":"https:\/\/xmodelz.net\/da\/wp-json\/wp\/v2\/comments?post=2112"}],"version-history":[{"count":0,"href":"https:\/\/xmodelz.net\/da\/wp-json\/wp\/v2\/pages\/2112\/revisions"}],"up":[{"embeddable":true,"href":"https:\/\/xmodelz.net\/da\/wp-json\/wp\/v2\/pages\/1889"}],"wp:attachment":[{"href":"https:\/\/xmodelz.net\/da\/wp-json\/wp\/v2\/media?parent=2112"}],"curies":[{"name":"wp","href":"https:\/\/api.w.org\/{rel}","templated":true}]}}