{"id":203,"date":"2025-01-13T19:55:13","date_gmt":"2025-01-13T18:55:13","guid":{"rendered":"http:\/\/192.168.9.29\/Development\/TB\/?page_id=203"},"modified":"2025-05-05T20:12:23","modified_gmt":"2025-05-05T18:12:23","slug":"home","status":"publish","type":"page","link":"https:\/\/xmodelz.net\/da\/","title":{"rendered":"Forside"},"content":{"rendered":"<div class=\"wrap\"><div class=\"row\"><div class=\"span4\"><div class=\"title-box clearfix\"><h2 class=\"title-box_primary\">Vi mangler nye modeller<\/h2><h3 class=\"title-box_secondary\">Earn 1000 Euro for 3 hours of work. We need new amateur and semi-pro models for the adult industry, always well paid jobs<\/h3><\/div><!-- \/\/.title-box -->Tilmeld dig som model, s\u00e5 laver vi et professionelt sedcard (casting) med dig, og du vil modtage 7500 Kr. + rejsegebyr, for dit arbejde.<\/div><div class=\"span1\"><\/div>\n<div class=\"span3\"><div class=\"vertical-divider\"><\/div><!-- divider (end) --><div class=\"banner-wrap\"><figure class=\"featured-thumbnail\"><a href=\"https:\/\/xmodelz.net\/da\/upcomming-jobs\/\" title=\"Nye modeljobs\"><img decoding=\"async\" src=\"http:\/\/xmodelz.net\/wp-content\/uploads\/2020\/02\/l.png\" title=\"Nye modeljobs\" alt=\"\" \/><\/a><\/figure><h5>Nye modeljobs<\/h5><p>We have over 29 open joboffers for new amateur and semi-pro models.<\/p><div class=\"link-align banner-btn\"><a href=\"https:\/\/xmodelz.net\/da\/upcomming-jobs\/\" title=\"Se mere\" class=\"btn btn-link\" target=\"_self\">Se mere<\/a><\/div><\/div><!-- .banner-wrap (end) --><\/div>\n<div class=\"span4\"><div class=\"vertical-divider\"><div class=\"banner-wrap\"><figure class=\"featured-thumbnail\"><a href=\"http:\/\/xmodelz.net\/da\/become-a-model\/\" title=\"Bliv model\"><img decoding=\"async\" src=\"http:\/\/xmodelz.net\/wp-content\/uploads\/2020\/01\/b.png\" title=\"Bliv model\" alt=\"\" \/><\/a><\/figure><h5>Bliv model<\/h5><p>Tilmeld dig som model i dag og tjen 7500 kr. + rejseomkostninger for en casting.<\/p><div class=\"link-align banner-btn\"><a href=\"http:\/\/xmodelz.net\/da\/become-a-model\/\" title=\"Se mere\" class=\"btn btn-link\" target=\"_self\">Se mere<\/a><\/div><\/div><!-- .banner-wrap (end) --><\/div><!-- divider (end) --><\/div>\n<\/div><!-- .row (end) -->\n<\/div> <!-- fon (end) -->\n\n\n<div class=\"row\">\n<div class=\"span9\"><div class=\"title-box clearfix advantage-title\"><h2 class=\"title-box_primary\">Bliv model i dag!<\/h2><\/div><!-- \/\/.title-box --><video controls=\"\" width=\"420\" height=\"330\"><source src=\"https:\/\/xmodelz.net\/wp-content\/uploads\/2020\/01\/anonymous_casting.mp4\" type=\"video\/mp4\">Your browser does not support the video tag.<\/video> <video controls=\"\" width=\"420\" height=\"330\"><source src=\"https:\/\/xmodelz.net\/wp-content\/uploads\/2025\/01\/Intro-1.mov\" type=\"video\/mp4\">Your browser does not support the video tag.<\/video><ul class=\"posts-grid row-fluid unstyled  ul-item-0\"><li class=\"span4 list-item-1\"><figure class=\"featured-thumbnail thumbnail\"><a href=\"https:\/\/xmodelz.net\/wp-content\/uploads\/2011\/07\/ekaterina-kulinich-1920x1080-1-e1583263639706.jpg\" title=\"V\u00e6r anonym, vi respekterer dit privatliv!\" rel=\"prettyPhoto-1233199533\"><img decoding=\"async\"  src=\"https:\/\/xmodelz.net\/wp-content\/uploads\/2011\/07\/ekaterina-kulinich-1920x1080-1-e1583263639706-270x150.jpg\" alt=\"V\u00e6r anonym, vi respekterer dit privatliv!\" \/><span class=\"zoom-icon\"><\/span><\/a><\/figure><div class=\"clear\"><\/div><h5><a href=\"https:\/\/xmodelz.net\/da\/adult-model-casting-for-money-in-the-eu\/about-anonymous-erotic-model\/\" title=\"V\u00e6r anonym, vi respekterer dit privatliv!\">V\u00e6r anonym, vi respekterer dit privatliv!<\/a><\/h5><p class=\"excerpt\">2 typer casting som er 7500 kr.  v\u00e6rd. Efter at vi har modtaget din ans\u00f8gning, vil vi kontakte dig (via e-mail) til ...<\/p><a href=\"https:\/\/xmodelz.net\/da\/adult-model-casting-for-money-in-the-eu\/about-anonymous-erotic-model\/\" class=\"btn btn-primary\" title=\"V\u00e6r anonym, vi respekterer dit privatliv!\">Se mere<\/a><\/li><li class=\"span4 list-item-2\"><figure class=\"featured-thumbnail thumbnail\"><a href=\"https:\/\/xmodelz.net\/wp-content\/uploads\/2020\/01\/adult_model_agency_3-scaled.jpg\" title=\"Hvordan bliver man anonym model?\" rel=\"prettyPhoto-1233199533\"><img decoding=\"async\"  src=\"https:\/\/xmodelz.net\/wp-content\/uploads\/2020\/01\/adult_model_agency_3-scaled-270x150.jpg\" alt=\"Hvordan bliver man anonym model?\" \/><span class=\"zoom-icon\"><\/span><\/a><\/figure><div class=\"clear\"><\/div><h5><a href=\"https:\/\/xmodelz.net\/da\/become-adult-model-anonymous-pornstar\/image-format-post\/\" title=\"Hvordan bliver man anonym model?\">Hvordan bliver man anonym model?<\/a><\/h5><p class=\"excerpt\">2 typer casting som er 7500 kr.  v\u00e6rd. Efter at vi har modtaget din ans\u00f8gning, vil vi kontakte dig (via e-mail) til ...<\/p><a href=\"https:\/\/xmodelz.net\/da\/become-adult-model-anonymous-pornstar\/image-format-post\/\" class=\"btn btn-primary\" title=\"Hvordan bliver man anonym model?\">Se mere<\/a><\/li><li class=\"span4 list-item-3\"><div class=\"clear\"><\/div><h5><a href=\"https:\/\/xmodelz.net\/da\/see-example-of-a-casting\/we-got-the-jobs\/\" title=\"Vi har modeljobs\">Vi har modeljobs<\/a><\/h5><p class=\"excerpt\">xmodelz.net er forbindelsen mellem modellerne og de firmaer, der tilbyder modeljobs. Vi arbejder med over ...<\/p><a href=\"https:\/\/xmodelz.net\/da\/see-example-of-a-casting\/we-got-the-jobs\/\" class=\"btn btn-primary\" title=\"Vi har modeljobs\">Se mere<\/a><\/li><\/ul><!-- .posts-grid (end) --><div class=\"hr\"><\/div><!-- .hr (end) --><div class=\"row\"><div class=\"span3\"><div class=\"title-box clearfix fresh-title\"><h2 class=\"title-box_primary\">Se eksempel p\u00e5 Sedcard<\/h2><\/div><!-- \/\/.title-box --> <a href=\"\/da\/portfolio\/\" title=\"Se flere profiler\" class=\"btn btn-link btn-normal btn-inline fresh-btn\" target=\"_self\">Se flere profiler<\/a><!-- .btn --><\/div><div class=\"span6\"><ul class=\"posts-grid row-fluid unstyled home-portfolio-grid ul-item-0\"><li class=\"span4 list-item-1\"><figure class=\"featured-thumbnail thumbnail\"><a href=\"https:\/\/xmodelz.net\/da\/portfolio-view\/amanda-mendes\/\" title=\"Lulu\"><img decoding=\"async\"  src=\"https:\/\/xmodelz.net\/wp-content\/uploads\/2013\/07\/ano1-180x146.jpg\" alt=\"Lulu\" \/><\/a><\/figure><div class=\"clear\"><\/div><h5><a href=\"https:\/\/xmodelz.net\/da\/portfolio-view\/amanda-mendes\/\" title=\"Lulu\">Lulu<\/a><\/h5><p class=\"excerpt\">To become a video model, you can follow these steps: Identify your niche or area&hellip;<\/p><\/li><li class=\"span4 list-item-2\"><figure class=\"featured-thumbnail thumbnail\"><a href=\"https:\/\/xmodelz.net\/da\/portfolio-view\/lisa-davidson\/\" title=\"Bettina\"><img decoding=\"async\"  src=\"https:\/\/xmodelz.net\/wp-content\/uploads\/2013\/07\/ano2-180x146.jpg\" alt=\"Bettina\" \/><\/a><\/figure><div class=\"clear\"><\/div><h5><a href=\"https:\/\/xmodelz.net\/da\/portfolio-view\/lisa-davidson\/\" title=\"Bettina\">Bettina<\/a><\/h5><p class=\"excerpt\"><\/p><\/li><li class=\"span4 list-item-3\"><figure class=\"featured-thumbnail thumbnail\"><a href=\"https:\/\/xmodelz.net\/da\/portfolio-view\/barbara-nilson\/\" title=\"Heidi\"><img decoding=\"async\"  src=\"https:\/\/xmodelz.net\/wp-content\/uploads\/2013\/07\/ano5-180x146.jpg\" alt=\"Heidi\" \/><\/a><\/figure><div class=\"clear\"><\/div><h5><a href=\"https:\/\/xmodelz.net\/da\/portfolio-view\/barbara-nilson\/\" title=\"Heidi\">Heidi<\/a><\/h5><p class=\"excerpt\"><\/p><\/li><\/ul><!-- .posts-grid (end) --><\/div><\/div> <!-- .row (end) --><\/div><div class=\"span1\"><\/div><div class=\"span2\"><div class=\"title-box clearfix popular-title\"><h2 class=\"title-box_primary\">Popul\u00e6rt<\/h2><\/div><!-- \/\/.title-box --> <div class=\"list styled custom-list\">\n<ul>\n<li><a href=\"http:\/\/xmodelz.net\/da\/become-a-model\/\">Bliv model<\/a><\/li>\n<li><a href=\"http:\/\/xmodelz.net\/da\/see-example-of-a-casting\/we-got-the-jobs\/\">Model jobs<\/a><\/li>\n<li><a href=\"http:\/\/xmodelz.net\/da\/category\/become-adult-model-anonymous-pornstar\/\">Be Anonymous model<\/a><\/li>\n<li><a href=\"http:\/\/xmodelz.net\/da\/earn-600-euro-as-an-adult-model\/casting-adult-model\/\">Earn 1000 Euro<\/a><\/li>\n<\/ul>\n<\/div>\n<div class=\"title-box clearfix contact-title\"><h2 class=\"title-box_primary\">Kontakt<\/h2><\/div><!-- \/\/.title-box -->\n<address>\nXmodelz.net<br \/>\nStockholm<br \/>\nBOX: 4488399<br \/>\nmail@xmodelz.net<br \/>\n<script type=\"text\/javascript\" src=\"https:\/\/www.livecounter.dk\/counter.php?id=99277&amp;img=2\"><\/script><noscript><a href=\"http:\/\/www.livecounter.dk\/\" target=\"_blank\" rel=\"noopener noreferrer\">T\u00e6ller<\/a><\/noscript><br \/>\n<\/address><!-- address (end) --><\/div>\n<\/div><!-- .row (end) -->\n\n\n\n<p>Voksenunderholdningsindustrien er en industri med mange milliarder dollars, der omfatter en bred vifte af aktiviteter, herunder produktion og distribution af seksuelt eksplicit materiale s\u00e5som pornografi, samt liveoptr\u00e6dener s\u00e5som stripklubber og webcam-shows. Modeller spiller en central rolle i mange aspekter af voksenindustrien og optr\u00e6der i fotografier, videoer og liveoptr\u00e6dener.<\/p>\n\n\n\n<p>Voksenindustrien har en lang historie, hvor den f\u00f8rste kendte pornografiske film blev produceret i slutningen af \u200b\u200bdet 19. \u00e5rhundrede. I \u00e5rtierne siden er industrien vokset betydeligt, og i dag er det et globalt f\u00e6nomen, der er tilg\u00e6ngeligt via en r\u00e6kke forskellige platforme, herunder internettet, kabel-tv og dvd.<\/p>\n\n\n\n<p>Modeller i voksenindustrien kan v\u00e6re forpligtet til at udf\u00f8re en bred vifte af aktiviteter, afh\u00e6ngigt af den specifikke type arbejde, de udf\u00f8rer. Dette kan omfatte posering til fotografier eller videoer, optr\u00e6den i live webcam-shows eller dans i stripklubber. Mange modeller i voksenbranchen er uafh\u00e6ngige entrepren\u00f8rer snarere end ansatte, og de kan v\u00e6re ansvarlige for at finde deres eget arbejde og forhandle deres egne priser.<\/p>\n\n\n\n<p>Voksenindustrien har v\u00e6ret udsat for en del kritik og kontroverser gennem \u00e5rene, hvor mange mennesker h\u00e6vder, at den objektiverer og nedv\u00e6rdiger kvinder (og m\u00e6nd) og bidrager til usunde holdninger til sex og forhold. Andre h\u00e6vder dog, at det er en legitim form for kunstnerisk udtryk, og at modeller i voksenbranchen b\u00f8r behandles med samme respekt som modeller p\u00e5 andre omr\u00e5der.<\/p>\n\n\n\n<p>Overordnet set er voksenindustrien en kompleks og mangefacetteret sektor, der involverer en bred vifte af aktiviteter og besk\u00e6ftiger en mangfoldig gruppe af mennesker. Selvom det ikke er for alle, er det en vigtig del af den globale \u00f8konomi og en betydelig kulturel kraft.<\/p>","protected":false},"excerpt":{"rendered":"The adult entertainment industry is a multi-billion dollar industry that encompasses a wide range of activities, including the production and distribution of sexually explicit materials such as pornography, as well as live performances such as strip clubs and webcam shows. Models play a central role in many aspects of the adult industry, appearing in photographs, videos, and live performances. The&nbsp;<a href=\"https:\/\/xmodelz.net\/da\/portfolio-view\/barbara-nilson\/\" class=\"read-more\">Continue Reading<\/a>","protected":false},"author":1,"featured_media":0,"parent":0,"menu_order":1,"comment_status":"closed","ping_status":"closed","template":"page-home.php","meta":{"_monsterinsights_skip_tracking":false,"_monsterinsights_sitenote_active":false,"_monsterinsights_sitenote_note":"","_monsterinsights_sitenote_category":0,"footnotes":""},"class_list":["post-203","page","type-page","status-publish","hentry"],"yoast_head":"<!-- This site is optimized with the Yoast SEO plugin v24.2 - https:\/\/yoast.com\/wordpress\/plugins\/seo\/ -->\n<title>amatuer pornmodels wanted - good pay<\/title>\n<meta name=\"description\" content=\"We need new amateur models for Xmodelz.net. Always good pay for our models. Becom an erotic star today and be total anonymous.\" \/>\n<meta name=\"robots\" content=\"index, follow, max-snippet:-1, max-image-preview:large, max-video-preview:-1\" \/>\n<link rel=\"canonical\" href=\"https:\/\/xmodelz.net\/da\/\" \/>\n<meta property=\"og:locale\" content=\"da_DK\" \/>\n<meta property=\"og:type\" content=\"article\" \/>\n<meta property=\"og:title\" content=\"amatuer pornmodels wanted - good pay\" \/>\n<meta property=\"og:description\" content=\"We need new amateur models for Xmodelz.net. Always good pay for our models. Becom an erotic star today and be total anonymous.\" \/>\n<meta property=\"og:url\" content=\"https:\/\/xmodelz.net\/da\/\" \/>\n<meta property=\"og:site_name\" content=\"Xmodelz.net | Erotic model jobs in Germany Denmark Sweden\" \/>\n<meta property=\"article:publisher\" content=\"https:\/\/www.facebook.com\/profile.php?id=100071856603615\" \/>\n<meta property=\"article:modified_time\" content=\"2025-05-05T18:12:23+00:00\" \/>\n<meta name=\"twitter:card\" content=\"summary_large_image\" \/>\n<meta name=\"twitter:label1\" content=\"Estimeret l\u00e6setid\" \/>\n\t<meta name=\"twitter:data1\" content=\"3 minutter\" \/>\n<script type=\"application\/ld+json\" class=\"yoast-schema-graph\">{\"@context\":\"https:\/\/schema.org\",\"@graph\":[{\"@type\":\"WebPage\",\"@id\":\"https:\/\/xmodelz.net\/\",\"url\":\"https:\/\/xmodelz.net\/\",\"name\":\"amatuer pornmodels wanted - good pay\",\"isPartOf\":{\"@id\":\"https:\/\/xmodelz.net\/en\/#website\"},\"datePublished\":\"2025-01-13T18:55:13+00:00\",\"dateModified\":\"2025-05-05T18:12:23+00:00\",\"description\":\"We need new amateur models for Xmodelz.net. Always good pay for our models. Becom an erotic star today and be total anonymous.\",\"breadcrumb\":{\"@id\":\"https:\/\/xmodelz.net\/#breadcrumb\"},\"inLanguage\":\"da-DK\",\"potentialAction\":[{\"@type\":\"ReadAction\",\"target\":[\"https:\/\/xmodelz.net\/\"]}]},{\"@type\":\"BreadcrumbList\",\"@id\":\"https:\/\/xmodelz.net\/#breadcrumb\",\"itemListElement\":[{\"@type\":\"ListItem\",\"position\":1,\"name\":\"Hjem\",\"item\":\"https:\/\/xmodelz.net\/\"},{\"@type\":\"ListItem\",\"position\":2,\"name\":\"Home\"}]},{\"@type\":\"WebSite\",\"@id\":\"https:\/\/xmodelz.net\/en\/#website\",\"url\":\"https:\/\/xmodelz.net\/en\/\",\"name\":\"Xmodelz.net | Erotic model jobs in Germany Denmark Sweden\",\"description\":\"Adult model agency EU\",\"publisher\":{\"@id\":\"https:\/\/xmodelz.net\/en\/#organization\"},\"potentialAction\":[{\"@type\":\"SearchAction\",\"target\":{\"@type\":\"EntryPoint\",\"urlTemplate\":\"https:\/\/xmodelz.net\/en\/?s={search_term_string}\"},\"query-input\":{\"@type\":\"PropertyValueSpecification\",\"valueRequired\":true,\"valueName\":\"search_term_string\"}}],\"inLanguage\":\"da-DK\"},{\"@type\":\"Organization\",\"@id\":\"https:\/\/xmodelz.net\/en\/#organization\",\"name\":\"Xmodelz.net\",\"url\":\"https:\/\/xmodelz.net\/en\/\",\"logo\":{\"@type\":\"ImageObject\",\"inLanguage\":\"da-DK\",\"@id\":\"https:\/\/xmodelz.net\/en\/#\/schema\/logo\/image\/\",\"url\":\"https:\/\/xmodelz.net\/wp-content\/uploads\/2021\/09\/logo1black.png\",\"contentUrl\":\"https:\/\/xmodelz.net\/wp-content\/uploads\/2021\/09\/logo1black.png\",\"width\":3724,\"height\":684,\"caption\":\"Xmodelz.net\"},\"image\":{\"@id\":\"https:\/\/xmodelz.net\/en\/#\/schema\/logo\/image\/\"},\"sameAs\":[\"https:\/\/www.facebook.com\/profile.php?id=100071856603615\",\"https:\/\/www.instagram.com\/xmodelz_net\/\"]}]}<\/script>\n<!-- \/ Yoast SEO plugin. -->","yoast_head_json":{"title":"Bliv pornomodel anonymt  - Altid velbetalte jobs","description":"We need new amateur models for Xmodelz.net. Always good pay for our models. Becom an erotic star today and be total anonymous.","robots":{"index":"index","follow":"follow","max-snippet":"max-snippet:-1","max-image-preview":"max-image-preview:large","max-video-preview":"max-video-preview:-1"},"canonical":"https:\/\/xmodelz.net\/da\/","og_locale":"da_DK","og_type":"article","og_title":"amatuer pornmodels wanted - good pay","og_description":"We need new amateur models for Xmodelz.net. Always good pay for our models. Becom an erotic star today and be total anonymous.","og_url":"https:\/\/xmodelz.net\/da\/","og_site_name":"Xmodelz.net | Erotic model jobs in Germany Denmark Sweden","article_publisher":"https:\/\/www.facebook.com\/profile.php?id=100071856603615","article_modified_time":"2025-05-05T18:12:23+00:00","twitter_card":"summary_large_image","twitter_misc":{"Estimeret l\u00e6setid":"3 minutter"},"schema":{"@context":"https:\/\/schema.org","@graph":[{"@type":"WebPage","@id":"https:\/\/xmodelz.net\/","url":"https:\/\/xmodelz.net\/","name":"Bliv pornomodel anonymt  - Altid velbetalte jobs","isPartOf":{"@id":"https:\/\/xmodelz.net\/en\/#website"},"datePublished":"2025-01-13T18:55:13+00:00","dateModified":"2025-05-05T18:12:23+00:00","description":"We need new amateur models for Xmodelz.net. Always good pay for our models. Becom an erotic star today and be total anonymous.","breadcrumb":{"@id":"https:\/\/xmodelz.net\/#breadcrumb"},"inLanguage":"da-DK","potentialAction":[{"@type":"ReadAction","target":["https:\/\/xmodelz.net\/"]}]},{"@type":"BreadcrumbList","@id":"https:\/\/xmodelz.net\/#breadcrumb","itemListElement":[{"@type":"ListItem","position":1,"name":"Hjem","item":"https:\/\/xmodelz.net\/"},{"@type":"ListItem","position":2,"name":"Home"}]},{"@type":"WebSite","@id":"https:\/\/xmodelz.net\/en\/#website","url":"https:\/\/xmodelz.net\/en\/","name":"Xmodelz.net | Erotic model jobs in Germany Denmark Sweden","description":"Adult model agency EU","publisher":{"@id":"https:\/\/xmodelz.net\/en\/#organization"},"potentialAction":[{"@type":"SearchAction","target":{"@type":"EntryPoint","urlTemplate":"https:\/\/xmodelz.net\/en\/?s={search_term_string}"},"query-input":{"@type":"PropertyValueSpecification","valueRequired":true,"valueName":"search_term_string"}}],"inLanguage":"da-DK"},{"@type":"Organization","@id":"https:\/\/xmodelz.net\/en\/#organization","name":"Xmodelz.net","url":"https:\/\/xmodelz.net\/en\/","logo":{"@type":"ImageObject","inLanguage":"da-DK","@id":"https:\/\/xmodelz.net\/en\/#\/schema\/logo\/image\/","url":"https:\/\/xmodelz.net\/wp-content\/uploads\/2021\/09\/logo1black.png","contentUrl":"https:\/\/xmodelz.net\/wp-content\/uploads\/2021\/09\/logo1black.png","width":3724,"height":684,"caption":"Xmodelz.net"},"image":{"@id":"https:\/\/xmodelz.net\/en\/#\/schema\/logo\/image\/"},"sameAs":["https:\/\/www.facebook.com\/profile.php?id=100071856603615","https:\/\/www.instagram.com\/xmodelz_net\/"]}]}},"acf":{"page_background_color":""},"_links":{"self":[{"href":"https:\/\/xmodelz.net\/da\/wp-json\/wp\/v2\/pages\/203","targetHints":{"allow":["GET"]}}],"collection":[{"href":"https:\/\/xmodelz.net\/da\/wp-json\/wp\/v2\/pages"}],"about":[{"href":"https:\/\/xmodelz.net\/da\/wp-json\/wp\/v2\/types\/page"}],"author":[{"embeddable":true,"href":"https:\/\/xmodelz.net\/da\/wp-json\/wp\/v2\/users\/1"}],"replies":[{"embeddable":true,"href":"https:\/\/xmodelz.net\/da\/wp-json\/wp\/v2\/comments?post=203"}],"version-history":[{"count":0,"href":"https:\/\/xmodelz.net\/da\/wp-json\/wp\/v2\/pages\/203\/revisions"}],"wp:attachment":[{"href":"https:\/\/xmodelz.net\/da\/wp-json\/wp\/v2\/media?parent=203"}],"curies":[{"name":"wp","href":"https:\/\/api.w.org\/{rel}","templated":true}]}}